{"id":915,"date":"2025-04-13T18:10:28","date_gmt":"2025-04-13T18:10:28","guid":{"rendered":"https:\/\/aromasanctuary.com\/index.php\/olejek-eteryczny-z-wetiweru\/"},"modified":"2025-09-25T12:58:42","modified_gmt":"2025-09-25T12:58:42","slug":"olejek-eteryczny-z-wetiweru","status":"publish","type":"page","link":"https:\/\/aromasanctuary.com\/olejek-eteryczny-z-wetiweru\/","title":{"rendered":"Olejek eteryczny z wetiweru"},"content":{"rendered":"<p>Olejek eteryczny z wetiweru (Vetiver Essential Oil)<\/p>\n<p>            1. Og\u00f3lne informacje<\/p>\n<p>                Nazwa botaniczna: Vetiveria zizanioides (syn. Chrysopogon zizanioides)<\/p>\n<p>                Rodzina botaniczna: Poaceae (trawy)<\/p>\n<p>                Pochodzenie: Indie, Haiti, Indonezja, Sri Lanka, Madagaskar<\/p>\n<p>                Metoda ekstrakcji: Destylacja parowa korzeni ro\u015bliny<\/p>\n<p>                Wygl\u0105d: G\u0119sty, bursztynowo-br\u0105zowy p\u0142yn<\/p>\n<p>                Zapach: G\u0142\u0119boki, dymny, ziemisty, drzewny, ciep\u0142y, z nut\u0105 mokrej gleby i kadzid\u0142a \u2013 bardzo trwa\u0142y i uziemiaj\u0105cy<\/p>\n<p>            2. Sk\u0142ad chemiczny<\/p>\n<p>          G\u0142\u00f3wne sk\u0142adniki aktywne:<\/p>\n<p>                Khusimol (10\u201320%) \u2013 dzia\u0142anie uspokajaj\u0105ce, antyseptyczne, stabilizuj\u0105ce emocje<\/p>\n<p>                Vetiverol i vetivon (10\u201325%) \u2013 dzia\u0142anie relaksuj\u0105ce, regeneruj\u0105ce sk\u00f3r\u0119, neuroprotekcyjne<\/p>\n<p>                \u03b1-Vetivon, \u03b2-Vetivon, isovalencenol \u2013 seskwiterpeny o w\u0142a\u015bciwo\u015bciach wyciszaj\u0105cych i przeciwzapalnych<\/p>\n<p>                Benzenoidy i ketony aromatyczne \u2013 wp\u0142ywaj\u0105 na g\u0142\u0119boko\u015b\u0107 zapachu i trwa\u0142o\u015b\u0107<\/p>\n<p>            &#x1f9e0; Wetiwer jest wyj\u0105tkowo bogaty w seskwiterpenole i seskwiterpeny \u2013 dzia\u0142a g\u0142\u0119boko uziemiaj\u0105co, stabilizuj\u0105co i regeneruj\u0105co na uk\u0142ad nerwowy oraz sk\u00f3r\u0119.<\/p>\n<p>            3. W\u0142a\u015bciwo\u015bci i dzia\u0142anie<\/p>\n<p>          &#x2705; Silnie uspokajaj\u0105cy i wyciszaj\u0105cy \u2013 redukuje stres, napi\u0119cie emocjonalne i l\u0119ki&nbsp;<\/p>\n<p>          &#x2705; Uziemiaj\u0105cy i stabilizuj\u0105cy \u2013 przywraca r\u00f3wnowag\u0119 psychiczn\u0105, wzmacnia poczucie bezpiecze\u0144stwa&nbsp;<\/p>\n<p>          &#x2705; Pomocny przy bezsenno\u015bci i nadpobudliwo\u015bci \u2013 poprawia jako\u015b\u0107 snu i uspokaja my\u015bli&nbsp;<\/p>\n<p>          &#x2705; Afrodyzjakalny i otwieraj\u0105cy emocjonalnie \u2013 wspiera w relacjach i budowaniu intymno\u015bci&nbsp;<\/p>\n<p>          &#x2705; Przeciwzapalny i regeneruj\u0105cy sk\u00f3r\u0119 \u2013 wspomaga gojenie ran, wyg\u0142adza i od\u017cywia&nbsp;<\/p>\n<p>          &#x2705; Od\u015bwie\u017caj\u0105cy i dezodoryzuj\u0105cy \u2013 neutralizuje zapachy i dzia\u0142a antyseptycznie&nbsp;<\/p>\n<p>          &#x2705; Silnie antyoksydacyjny i przeciwstarzeniowy \u2013 wspiera elastyczno\u015b\u0107 sk\u00f3ry i spowalnia procesy starzenia&nbsp;<\/p>\n<p>          &#x2705; Utrwalacz zapachu \u2013 cz\u0119sto u\u017cywany w perfumerii jako nuta bazy<\/p>\n<p>            4. Zastosowanie<\/p>\n<p>          &#x2705; Aromaterapia<\/p>\n<p>              W dyfuzorze \u2013 uspokaja, wycisza, idealny do medytacji i rytua\u0142\u00f3w wieczornych<\/p>\n<p>              W k\u0105pieli \u2013 dzia\u0142a relaksuj\u0105co i regeneruj\u0105co, szczeg\u00f3lnie przy zm\u0119czeniu psychicznym<\/p>\n<p>              W rytua\u0142ach duchowych \u2013 pog\u0142\u0119bia kontakt z cia\u0142em i wn\u0119trzem<\/p>\n<p>          &#x2705; Piel\u0119gnacja sk\u00f3ry i kosmetyka (po rozcie\u0144czeniu!)<\/p>\n<p>              W kosmetykach do sk\u00f3ry dojrza\u0142ej \u2013 dzia\u0142a liftinguj\u0105co, wyg\u0142adzaj\u0105co, antyoksydacyjnie<\/p>\n<p>              W serum na blizny i przebarwienia \u2013 wspomaga regeneracj\u0119 sk\u00f3ry<\/p>\n<p>              W kosmetykach dla m\u0119\u017cczyzn \u2013 jako trwa\u0142a, zmys\u0142owa nuta bazy o dzia\u0142aniu antybakteryjnym<\/p>\n<p>              W produktach \u0142agodz\u0105cych egzem\u0119, \u0142uszczyc\u0119, podra\u017cnienia<\/p>\n<p>          &#x2705; Masa\u017c i terapia relaksacyjna (po rozcie\u0144czeniu w oleju bazowym!)<\/p>\n<p>              Masa\u017c antystresowy \u2013 obni\u017ca napi\u0119cie nerwowe i przywraca spok\u00f3j<\/p>\n<p>              Masa\u017c uziemiaj\u0105cy \u2013 idealny po intensywnym dniu lub pracy z emocjami<\/p>\n<p>              Masa\u017c g\u0142\u0119boko relaksacyjny \u2013 wspiera sen i regeneracj\u0119 emocjonaln\u0105<\/p>\n<p>          &#x2705; Medycyna naturalna<\/p>\n<p>              Pomaga przy napi\u0119ciowych b\u00f3lach g\u0142owy i migrenach<\/p>\n<p>              Stosowany przy przewlek\u0142ym zm\u0119czeniu i depresji<\/p>\n<p>              Tradycyjnie u\u017cywany w Ajurwedzie jako \u015brodek ch\u0142odz\u0105cy i uziemiaj\u0105cy (tridosha pacifying)<\/p>\n<p>          &#x2705; Perfumy i kompozycje zapachowe<\/p>\n<p>                Nuta bazy \u2013 niezwykle trwa\u0142a, g\u0142\u0119boka, zmys\u0142owa<\/p>\n<p>              Kluczowy sk\u0142adnik perfum orientalnych, drzewnych, sk\u00f3rzanych i niszowych<\/p>\n<p>              Doskonale komponuje si\u0119 z: paczul\u0105, sanda\u0142owcem, r\u00f3\u017c\u0105, lawend\u0105, cedrem, cyprysem, bergamotk\u0105<\/p>\n<p>            5. \u015arodki ostro\u017cno\u015bci<\/p>\n<p>          &#x26a0; Zawsze rozcie\u0144cza\u0107 przed u\u017cyciem na sk\u00f3rze \u2013 zalecane st\u0119\u017cenie: 1\u20133%&nbsp;<\/p>\n<p>          &#x26a0; Jest olejkiem bardzo bezpiecznym \u2013 odpowiedni r\u00f3wnie\u017c dla dzieci i kobiet w ci\u0105\u017cy (po I trymestrze, w niskich st\u0119\u017ceniach)&nbsp;<\/p>\n<p>          &#x26a0; Nie stosowa\u0107 doustnie bez nadzoru terapeuty&nbsp;<\/p>\n<p>          &#x26a0; Unika\u0107 kontaktu z oczami i b\u0142onami \u015bluzowymi&nbsp;<\/p>\n<p>          &#x26a0; Ze wzgl\u0119du na intensywny zapach \u2013 stosowa\u0107 z umiarem<\/p>\n<p>            6. Przechowywanie<\/p>\n<p>              Przechowywa\u0107 w ch\u0142odnym, suchym miejscu, z dala od \u015bwiat\u0142a<\/p>\n<p>              W ciemnej, szklanej butelce<\/p>\n<p>              Jest bardzo trwa\u0142y \u2013 dobrze przechowywany mo\u017ce dojrzewa\u0107 i nabiera\u0107 g\u0142\u0119bi przez wiele lat<\/p>\n<p>            7. Ciekawostki o olejku wetiwerowym<\/p>\n<p>                Znany jako \u201eolejek spokoju\u201d lub \u201eolejek korzenia\u201d \u2013 silnie uziemia i przywraca r\u00f3wnowag\u0119<\/p>\n<p>                W Ajurwedzie uznawany za \u015brodek r\u00f3wnowa\u017c\u0105cy wszystkie trzy dosze: Vata, Pitta i Kapha<\/p>\n<p>                W kulturach wschodnich u\u017cywany jako zapach \u015bwi\u0105tynny i \u015brodek oczyszczaj\u0105cy przestrze\u0144<\/p>\n<p>                Korzenie wetiweru chroni\u0105 gleb\u0119 przed erozj\u0105 \u2013 ro\u015blina ma ogromne znaczenie ekologiczne<\/p>\n<p>                Uwa\u017cany za jeden z najlepszych olejk\u00f3w do g\u0142\u0119bokiej pracy z cia\u0142em, traum\u0105 i ugruntowaniem psychicznym<\/p>\n","protected":false},"excerpt":{"rendered":"<p>Olejek eteryczny z wetiweru (Vetiver Essential Oil) 1. Og\u00f3lne informacje Nazwa botaniczna: Vetiveria zizanioides (syn. Chrysopogon zizanioides) Rodzina botaniczna: Poaceae (trawy) Pochodzenie: Indie, Haiti, Indonezja, Sri Lanka, Madagaskar Metoda ekstrakcji: Destylacja parowa korzeni ro\u015bliny Wygl\u0105d: G\u0119sty, bursztynowo-br\u0105zowy p\u0142yn Zapach: G\u0142\u0119boki, dymny, ziemisty, drzewny, ciep\u0142y, z nut\u0105 mokrej gleby i kadzid\u0142a \u2013 bardzo trwa\u0142y i uziemiaj\u0105cy &hellip; <a href=\"https:\/\/aromasanctuary.com\/olejek-eteryczny-z-wetiweru\/\" class=\"more-link\">Continue reading<span class=\"screen-reader-text\"> &#8222;Olejek eteryczny z wetiweru&#8221;<\/span><\/a><\/p>\n","protected":false},"author":1,"featured_media":0,"parent":0,"menu_order":1,"comment_status":"closed","ping_status":"closed","template":"","meta":{"_acf_changed":false,"footnotes":""},"class_list":["post-915","page","type-page","status-publish","hentry"],"acf":[],"aioseo_notices":[],"aioseo_head":"\n\t\t<!-- All in One SEO Pro 4.9.6.1 - aioseo.com -->\n\t<meta name=\"description\" content=\"Olejek eteryczny z wetiweru (Vetiver Essential Oil) 1. Og\u00f3lne informacje Nazwa botaniczna: Vetiveria zizanioides (syn. Chrysopogon zizanioides) Rodzina botaniczna: Poaceae (trawy) Pochodzenie: Indie, Haiti, Indonezja, Sri Lanka, Madagaskar Metoda ekstrakcji: Destylacja parowa korzeni ro\u015bliny Wygl\u0105d: G\u0119sty, bursztynowo-br\u0105zowy p\u0142yn Zapach: G\u0142\u0119boki, dymny, ziemisty, drzewny, ciep\u0142y, z nut\u0105 mokrej gleby i kadzid\u0142a \u2013 bardzo trwa\u0142y i uziemiaj\u0105cy\" \/>\n\t<meta name=\"robots\" content=\"max-image-preview:large\" \/>\n\t<link rel=\"canonical\" href=\"https:\/\/aromasanctuary.com\/olejek-eteryczny-z-wetiweru\/\" \/>\n\t<meta name=\"generator\" content=\"All in One SEO Pro (AIOSEO) 4.9.6.1\" \/>\n\t\t<meta property=\"og:locale\" content=\"pl_PL\" \/>\n\t\t<meta property=\"og:site_name\" content=\"Aroma Sanctuary - Specjalizujemy si\u0119 w olejkach eterycznych i zabiegach kosmetycznych, tworz\u0105c dla naszych klient\u00f3w prawdziw\u0105 oaz\u0119 relaksu i pi\u0119kna.\" \/>\n\t\t<meta property=\"og:type\" content=\"article\" \/>\n\t\t<meta property=\"og:title\" content=\"Olejek eteryczny z wetiweru - Aroma Sanctuary\" \/>\n\t\t<meta property=\"og:description\" content=\"Olejek eteryczny z wetiweru (Vetiver Essential Oil) 1. Og\u00f3lne informacje Nazwa botaniczna: Vetiveria zizanioides (syn. Chrysopogon zizanioides) Rodzina botaniczna: Poaceae (trawy) Pochodzenie: Indie, Haiti, Indonezja, Sri Lanka, Madagaskar Metoda ekstrakcji: Destylacja parowa korzeni ro\u015bliny Wygl\u0105d: G\u0119sty, bursztynowo-br\u0105zowy p\u0142yn Zapach: G\u0142\u0119boki, dymny, ziemisty, drzewny, ciep\u0142y, z nut\u0105 mokrej gleby i kadzid\u0142a \u2013 bardzo trwa\u0142y i uziemiaj\u0105cy\" \/>\n\t\t<meta property=\"og:url\" content=\"https:\/\/aromasanctuary.com\/olejek-eteryczny-z-wetiweru\/\" \/>\n\t\t<meta property=\"og:image\" content=\"https:\/\/aromasanctuary.com\/wp-content\/uploads\/2025\/04\/cropped-LogoAromaSanctuary1-3.png\" \/>\n\t\t<meta property=\"og:image:secure_url\" content=\"https:\/\/aromasanctuary.com\/wp-content\/uploads\/2025\/04\/cropped-LogoAromaSanctuary1-3.png\" \/>\n\t\t<meta property=\"og:image:width\" content=\"240\" \/>\n\t\t<meta property=\"og:image:height\" content=\"238\" \/>\n\t\t<meta property=\"article:published_time\" content=\"2025-04-13T18:10:28+00:00\" \/>\n\t\t<meta property=\"article:modified_time\" content=\"2025-09-25T12:58:42+00:00\" \/>\n\t\t<meta property=\"article:publisher\" content=\"https:\/\/www.facebook.com\/profile.php?id=100056120215360\" \/>\n\t\t<meta name=\"twitter:card\" content=\"summary_large_image\" \/>\n\t\t<meta name=\"twitter:title\" content=\"Olejek eteryczny z wetiweru - Aroma Sanctuary\" \/>\n\t\t<meta name=\"twitter:description\" content=\"Olejek eteryczny z wetiweru (Vetiver Essential Oil) 1. Og\u00f3lne informacje Nazwa botaniczna: Vetiveria zizanioides (syn. Chrysopogon zizanioides) Rodzina botaniczna: Poaceae (trawy) Pochodzenie: Indie, Haiti, Indonezja, Sri Lanka, Madagaskar Metoda ekstrakcji: Destylacja parowa korzeni ro\u015bliny Wygl\u0105d: G\u0119sty, bursztynowo-br\u0105zowy p\u0142yn Zapach: G\u0142\u0119boki, dymny, ziemisty, drzewny, ciep\u0142y, z nut\u0105 mokrej gleby i kadzid\u0142a \u2013 bardzo trwa\u0142y i uziemiaj\u0105cy\" \/>\n\t\t<meta name=\"twitter:image\" content=\"https:\/\/aromasanctuary.com\/wp-content\/uploads\/2025\/04\/cropped-LogoAromaSanctuary1-3.png\" \/>\n\t\t<script type=\"application\/ld+json\" class=\"aioseo-schema\">\n\t\t\t{\"@context\":\"https:\\\/\\\/schema.org\",\"@graph\":[{\"@type\":\"BreadcrumbList\",\"@id\":\"https:\\\/\\\/aromasanctuary.com\\\/olejek-eteryczny-z-wetiweru\\\/#breadcrumblist\",\"itemListElement\":[{\"@type\":\"ListItem\",\"@id\":\"https:\\\/\\\/aromasanctuary.com#listItem\",\"position\":1,\"name\":\"Home\",\"item\":\"https:\\\/\\\/aromasanctuary.com\",\"nextItem\":{\"@type\":\"ListItem\",\"@id\":\"https:\\\/\\\/aromasanctuary.com\\\/olejek-eteryczny-z-wetiweru\\\/#listItem\",\"name\":\"Olejek eteryczny z wetiweru\"}},{\"@type\":\"ListItem\",\"@id\":\"https:\\\/\\\/aromasanctuary.com\\\/olejek-eteryczny-z-wetiweru\\\/#listItem\",\"position\":2,\"name\":\"Olejek eteryczny z wetiweru\",\"previousItem\":{\"@type\":\"ListItem\",\"@id\":\"https:\\\/\\\/aromasanctuary.com#listItem\",\"name\":\"Home\"}}]},{\"@type\":\"Organization\",\"@id\":\"https:\\\/\\\/aromasanctuary.com\\\/#organization\",\"name\":\"Aroma Sanctuary\",\"description\":\"Specjalizujemy si\\u0119 w olejkach eterycznych i zabiegach kosmetycznych, tworz\\u0105c dla naszych klient\\u00f3w prawdziw\\u0105 oaz\\u0119 relaksu i pi\\u0119kna.\",\"url\":\"https:\\\/\\\/aromasanctuary.com\\\/\",\"logo\":{\"@type\":\"ImageObject\",\"url\":\"https:\\\/\\\/aromasanctuary.com\\\/wp-content\\\/uploads\\\/2025\\\/04\\\/cropped-LogoAromaSanctuary1-3.png\",\"@id\":\"https:\\\/\\\/aromasanctuary.com\\\/olejek-eteryczny-z-wetiweru\\\/#organizationLogo\",\"width\":240,\"height\":238},\"image\":{\"@id\":\"https:\\\/\\\/aromasanctuary.com\\\/olejek-eteryczny-z-wetiweru\\\/#organizationLogo\"},\"sameAs\":[\"https:\\\/\\\/www.facebook.com\\\/profile.php?id=100056120215360\"]},{\"@type\":\"WebPage\",\"@id\":\"https:\\\/\\\/aromasanctuary.com\\\/olejek-eteryczny-z-wetiweru\\\/#webpage\",\"url\":\"https:\\\/\\\/aromasanctuary.com\\\/olejek-eteryczny-z-wetiweru\\\/\",\"name\":\"Olejek eteryczny z wetiweru - Aroma Sanctuary\",\"description\":\"Olejek eteryczny z wetiweru (Vetiver Essential Oil) 1. Og\\u00f3lne informacje Nazwa botaniczna: Vetiveria zizanioides (syn. Chrysopogon zizanioides) Rodzina botaniczna: Poaceae (trawy) Pochodzenie: Indie, Haiti, Indonezja, Sri Lanka, Madagaskar Metoda ekstrakcji: Destylacja parowa korzeni ro\\u015bliny Wygl\\u0105d: G\\u0119sty, bursztynowo-br\\u0105zowy p\\u0142yn Zapach: G\\u0142\\u0119boki, dymny, ziemisty, drzewny, ciep\\u0142y, z nut\\u0105 mokrej gleby i kadzid\\u0142a \\u2013 bardzo trwa\\u0142y i uziemiaj\\u0105cy\",\"inLanguage\":\"pl-PL\",\"isPartOf\":{\"@id\":\"https:\\\/\\\/aromasanctuary.com\\\/#website\"},\"breadcrumb\":{\"@id\":\"https:\\\/\\\/aromasanctuary.com\\\/olejek-eteryczny-z-wetiweru\\\/#breadcrumblist\"},\"datePublished\":\"2025-04-13T18:10:28+00:00\",\"dateModified\":\"2025-09-25T12:58:42+00:00\"},{\"@type\":\"WebSite\",\"@id\":\"https:\\\/\\\/aromasanctuary.com\\\/#website\",\"url\":\"https:\\\/\\\/aromasanctuary.com\\\/\",\"name\":\"Aroma Sanctuary\",\"description\":\"Specjalizujemy si\\u0119 w olejkach eterycznych i zabiegach kosmetycznych, tworz\\u0105c dla naszych klient\\u00f3w prawdziw\\u0105 oaz\\u0119 relaksu i pi\\u0119kna.\",\"inLanguage\":\"pl-PL\",\"publisher\":{\"@id\":\"https:\\\/\\\/aromasanctuary.com\\\/#organization\"}}]}\n\t\t<\/script>\n\t\t<!-- All in One SEO Pro -->\r\n\t\t<title>Olejek eteryczny z wetiweru - Aroma Sanctuary<\/title>\n\n","aioseo_head_json":{"title":"Olejek eteryczny z wetiweru - Aroma Sanctuary","description":"Olejek eteryczny z wetiweru (Vetiver Essential Oil) 1. Og\u00f3lne informacje Nazwa botaniczna: Vetiveria zizanioides (syn. Chrysopogon zizanioides) Rodzina botaniczna: Poaceae (trawy) Pochodzenie: Indie, Haiti, Indonezja, Sri Lanka, Madagaskar Metoda ekstrakcji: Destylacja parowa korzeni ro\u015bliny Wygl\u0105d: G\u0119sty, bursztynowo-br\u0105zowy p\u0142yn Zapach: G\u0142\u0119boki, dymny, ziemisty, drzewny, ciep\u0142y, z nut\u0105 mokrej gleby i kadzid\u0142a \u2013 bardzo trwa\u0142y i uziemiaj\u0105cy","canonical_url":"https:\/\/aromasanctuary.com\/olejek-eteryczny-z-wetiweru\/","robots":"max-image-preview:large","keywords":"","webmasterTools":{"miscellaneous":""},"schema":{"@context":"https:\/\/schema.org","@graph":[{"@type":"BreadcrumbList","@id":"https:\/\/aromasanctuary.com\/olejek-eteryczny-z-wetiweru\/#breadcrumblist","itemListElement":[{"@type":"ListItem","@id":"https:\/\/aromasanctuary.com#listItem","position":1,"name":"Home","item":"https:\/\/aromasanctuary.com","nextItem":{"@type":"ListItem","@id":"https:\/\/aromasanctuary.com\/olejek-eteryczny-z-wetiweru\/#listItem","name":"Olejek eteryczny z wetiweru"}},{"@type":"ListItem","@id":"https:\/\/aromasanctuary.com\/olejek-eteryczny-z-wetiweru\/#listItem","position":2,"name":"Olejek eteryczny z wetiweru","previousItem":{"@type":"ListItem","@id":"https:\/\/aromasanctuary.com#listItem","name":"Home"}}]},{"@type":"Organization","@id":"https:\/\/aromasanctuary.com\/#organization","name":"Aroma Sanctuary","description":"Specjalizujemy si\u0119 w olejkach eterycznych i zabiegach kosmetycznych, tworz\u0105c dla naszych klient\u00f3w prawdziw\u0105 oaz\u0119 relaksu i pi\u0119kna.","url":"https:\/\/aromasanctuary.com\/","logo":{"@type":"ImageObject","url":"https:\/\/aromasanctuary.com\/wp-content\/uploads\/2025\/04\/cropped-LogoAromaSanctuary1-3.png","@id":"https:\/\/aromasanctuary.com\/olejek-eteryczny-z-wetiweru\/#organizationLogo","width":240,"height":238},"image":{"@id":"https:\/\/aromasanctuary.com\/olejek-eteryczny-z-wetiweru\/#organizationLogo"},"sameAs":["https:\/\/www.facebook.com\/profile.php?id=100056120215360"]},{"@type":"WebPage","@id":"https:\/\/aromasanctuary.com\/olejek-eteryczny-z-wetiweru\/#webpage","url":"https:\/\/aromasanctuary.com\/olejek-eteryczny-z-wetiweru\/","name":"Olejek eteryczny z wetiweru - Aroma Sanctuary","description":"Olejek eteryczny z wetiweru (Vetiver Essential Oil) 1. Og\u00f3lne informacje Nazwa botaniczna: Vetiveria zizanioides (syn. Chrysopogon zizanioides) Rodzina botaniczna: Poaceae (trawy) Pochodzenie: Indie, Haiti, Indonezja, Sri Lanka, Madagaskar Metoda ekstrakcji: Destylacja parowa korzeni ro\u015bliny Wygl\u0105d: G\u0119sty, bursztynowo-br\u0105zowy p\u0142yn Zapach: G\u0142\u0119boki, dymny, ziemisty, drzewny, ciep\u0142y, z nut\u0105 mokrej gleby i kadzid\u0142a \u2013 bardzo trwa\u0142y i uziemiaj\u0105cy","inLanguage":"pl-PL","isPartOf":{"@id":"https:\/\/aromasanctuary.com\/#website"},"breadcrumb":{"@id":"https:\/\/aromasanctuary.com\/olejek-eteryczny-z-wetiweru\/#breadcrumblist"},"datePublished":"2025-04-13T18:10:28+00:00","dateModified":"2025-09-25T12:58:42+00:00"},{"@type":"WebSite","@id":"https:\/\/aromasanctuary.com\/#website","url":"https:\/\/aromasanctuary.com\/","name":"Aroma Sanctuary","description":"Specjalizujemy si\u0119 w olejkach eterycznych i zabiegach kosmetycznych, tworz\u0105c dla naszych klient\u00f3w prawdziw\u0105 oaz\u0119 relaksu i pi\u0119kna.","inLanguage":"pl-PL","publisher":{"@id":"https:\/\/aromasanctuary.com\/#organization"}}]},"og:locale":"pl_PL","og:site_name":"Aroma Sanctuary - Specjalizujemy si\u0119 w olejkach eterycznych i zabiegach kosmetycznych, tworz\u0105c dla naszych klient\u00f3w prawdziw\u0105 oaz\u0119 relaksu i pi\u0119kna.","og:type":"article","og:title":"Olejek eteryczny z wetiweru - Aroma Sanctuary","og:description":"Olejek eteryczny z wetiweru (Vetiver Essential Oil) 1. Og\u00f3lne informacje Nazwa botaniczna: Vetiveria zizanioides (syn. Chrysopogon zizanioides) Rodzina botaniczna: Poaceae (trawy) Pochodzenie: Indie, Haiti, Indonezja, Sri Lanka, Madagaskar Metoda ekstrakcji: Destylacja parowa korzeni ro\u015bliny Wygl\u0105d: G\u0119sty, bursztynowo-br\u0105zowy p\u0142yn Zapach: G\u0142\u0119boki, dymny, ziemisty, drzewny, ciep\u0142y, z nut\u0105 mokrej gleby i kadzid\u0142a \u2013 bardzo trwa\u0142y i uziemiaj\u0105cy","og:url":"https:\/\/aromasanctuary.com\/olejek-eteryczny-z-wetiweru\/","og:image":"https:\/\/aromasanctuary.com\/wp-content\/uploads\/2025\/04\/cropped-LogoAromaSanctuary1-3.png","og:image:secure_url":"https:\/\/aromasanctuary.com\/wp-content\/uploads\/2025\/04\/cropped-LogoAromaSanctuary1-3.png","og:image:width":240,"og:image:height":238,"article:published_time":"2025-04-13T18:10:28+00:00","article:modified_time":"2025-09-25T12:58:42+00:00","article:publisher":"https:\/\/www.facebook.com\/profile.php?id=100056120215360","twitter:card":"summary_large_image","twitter:title":"Olejek eteryczny z wetiweru - Aroma Sanctuary","twitter:description":"Olejek eteryczny z wetiweru (Vetiver Essential Oil) 1. Og\u00f3lne informacje Nazwa botaniczna: Vetiveria zizanioides (syn. Chrysopogon zizanioides) Rodzina botaniczna: Poaceae (trawy) Pochodzenie: Indie, Haiti, Indonezja, Sri Lanka, Madagaskar Metoda ekstrakcji: Destylacja parowa korzeni ro\u015bliny Wygl\u0105d: G\u0119sty, bursztynowo-br\u0105zowy p\u0142yn Zapach: G\u0142\u0119boki, dymny, ziemisty, drzewny, ciep\u0142y, z nut\u0105 mokrej gleby i kadzid\u0142a \u2013 bardzo trwa\u0142y i uziemiaj\u0105cy","twitter:image":"https:\/\/aromasanctuary.com\/wp-content\/uploads\/2025\/04\/cropped-LogoAromaSanctuary1-3.png"},"aioseo_meta_data":{"post_id":"915","title":null,"description":null,"keywords":null,"keyphrases":null,"primary_term":null,"canonical_url":null,"og_title":null,"og_description":null,"og_object_type":"default","og_image_type":"default","og_image_url":null,"og_image_width":null,"og_image_height":null,"og_image_custom_url":null,"og_image_custom_fields":null,"og_video":null,"og_custom_url":null,"og_article_section":null,"og_article_tags":null,"twitter_use_og":false,"twitter_card":"default","twitter_image_type":"default","twitter_image_url":null,"twitter_image_custom_url":null,"twitter_image_custom_fields":null,"twitter_title":null,"twitter_description":null,"schema":{"blockGraphs":[],"customGraphs":[],"default":{"data":{"Article":[],"Course":[],"Dataset":[],"FAQPage":[],"Movie":[],"Person":[],"Product":[],"ProductReview":[],"Car":[],"Recipe":[],"Service":[],"SoftwareApplication":[],"WebPage":[]},"graphName":"","isEnabled":true},"graphs":[]},"schema_type":"default","schema_type_options":null,"pillar_content":false,"robots_default":true,"robots_noindex":false,"robots_noarchive":false,"robots_nosnippet":false,"robots_nofollow":false,"robots_noimageindex":false,"robots_noodp":false,"robots_notranslate":false,"robots_max_snippet":null,"robots_max_videopreview":null,"robots_max_imagepreview":"large","priority":null,"frequency":null,"local_seo":null,"seo_analyzer_scan_date":"2026-02-15 15:57:20","breadcrumb_settings":null,"limit_modified_date":false,"reviewed_by":null,"open_ai":null,"ai":null,"created":"2025-10-12 09:19:02","updated":"2026-02-15 15:57:20"},"aioseo_breadcrumb":"<div class=\"aioseo-breadcrumbs\"><span class=\"aioseo-breadcrumb\">\n\t<a href=\"https:\/\/aromasanctuary.com\" title=\"Home\">Home<\/a>\n<\/span><span class=\"aioseo-breadcrumb-separator\">&raquo;<\/span><span class=\"aioseo-breadcrumb\">\n\tOlejek eteryczny z wetiweru\n<\/span><\/div>","aioseo_breadcrumb_json":[{"label":"Home","link":"https:\/\/aromasanctuary.com"},{"label":"Olejek eteryczny z wetiweru","link":"https:\/\/aromasanctuary.com\/olejek-eteryczny-z-wetiweru\/"}],"_links":{"self":[{"href":"https:\/\/aromasanctuary.com\/wp-json\/wp\/v2\/pages\/915","targetHints":{"allow":["GET"]}}],"collection":[{"href":"https:\/\/aromasanctuary.com\/wp-json\/wp\/v2\/pages"}],"about":[{"href":"https:\/\/aromasanctuary.com\/wp-json\/wp\/v2\/types\/page"}],"author":[{"embeddable":true,"href":"https:\/\/aromasanctuary.com\/wp-json\/wp\/v2\/users\/1"}],"replies":[{"embeddable":true,"href":"https:\/\/aromasanctuary.com\/wp-json\/wp\/v2\/comments?post=915"}],"version-history":[{"count":1,"href":"https:\/\/aromasanctuary.com\/wp-json\/wp\/v2\/pages\/915\/revisions"}],"predecessor-version":[{"id":999,"href":"https:\/\/aromasanctuary.com\/wp-json\/wp\/v2\/pages\/915\/revisions\/999"}],"wp:attachment":[{"href":"https:\/\/aromasanctuary.com\/wp-json\/wp\/v2\/media?parent=915"}],"curies":[{"name":"wp","href":"https:\/\/api.w.org\/{rel}","templated":true}]}}