{"id":953,"date":"2025-04-13T18:11:06","date_gmt":"2025-04-13T18:11:06","guid":{"rendered":"https:\/\/aromasanctuary.com\/index.php\/kontakt\/"},"modified":"2025-04-22T12:46:24","modified_gmt":"2025-04-22T12:46:24","slug":"kontakt","status":"publish","type":"page","link":"https:\/\/aromasanctuary.com\/kontakt\/","title":{"rendered":"Kontakt"},"content":{"rendered":"\n  \n    \n    <section class=\"u-clearfix u-section-2\" id=\"block-1\">\n      <div class=\"u-clearfix u-sheet u-sheet-1\"><\/div>\n    <\/section>\n    \n    \n    \n  \n","protected":false},"excerpt":{"rendered":"","protected":false},"author":1,"featured_media":0,"parent":0,"menu_order":39,"comment_status":"closed","ping_status":"closed","template":"","meta":{"_acf_changed":false,"footnotes":""},"class_list":["post-953","page","type-page","status-publish","hentry"],"acf":[],"aioseo_notices":[],"aioseo_head":"\n\t\t<!-- All in One SEO Pro 4.9.5.2 - aioseo.com -->\n\t<meta name=\"robots\" content=\"max-image-preview:large\" \/>\n\t<link rel=\"canonical\" href=\"https:\/\/aromasanctuary.com\/kontakt\/\" \/>\n\t<meta name=\"generator\" content=\"All in One SEO Pro (AIOSEO) 4.9.5.2\" \/>\n\t\t<meta property=\"og:locale\" content=\"pl_PL\" \/>\n\t\t<meta property=\"og:site_name\" content=\"Aroma Sanctuary - Specjalizujemy si\u0119 w olejkach eterycznych i zabiegach kosmetycznych, tworz\u0105c dla naszych klient\u00f3w prawdziw\u0105 oaz\u0119 relaksu i pi\u0119kna.\" \/>\n\t\t<meta property=\"og:type\" content=\"article\" \/>\n\t\t<meta property=\"og:title\" content=\"Kontakt - Aroma Sanctuary\" \/>\n\t\t<meta property=\"og:url\" content=\"https:\/\/aromasanctuary.com\/kontakt\/\" \/>\n\t\t<meta property=\"og:image\" content=\"https:\/\/aromasanctuary.com\/wp-content\/uploads\/2025\/04\/cropped-LogoAromaSanctuary1-3.png\" \/>\n\t\t<meta property=\"og:image:secure_url\" content=\"https:\/\/aromasanctuary.com\/wp-content\/uploads\/2025\/04\/cropped-LogoAromaSanctuary1-3.png\" \/>\n\t\t<meta property=\"og:image:width\" content=\"240\" \/>\n\t\t<meta property=\"og:image:height\" content=\"238\" \/>\n\t\t<meta property=\"article:published_time\" content=\"2025-04-13T18:11:06+00:00\" \/>\n\t\t<meta property=\"article:modified_time\" content=\"2025-04-22T12:46:24+00:00\" \/>\n\t\t<meta property=\"article:publisher\" content=\"https:\/\/www.facebook.com\/profile.php?id=100056120215360\" \/>\n\t\t<meta name=\"twitter:card\" content=\"summary_large_image\" \/>\n\t\t<meta name=\"twitter:title\" content=\"Kontakt - Aroma Sanctuary\" \/>\n\t\t<meta name=\"twitter:image\" content=\"https:\/\/aromasanctuary.com\/wp-content\/uploads\/2025\/04\/cropped-LogoAromaSanctuary1-3.png\" \/>\n\t\t<script type=\"application\/ld+json\" class=\"aioseo-schema\">\n\t\t\t{\"@context\":\"https:\\\/\\\/schema.org\",\"@graph\":[{\"@type\":\"BreadcrumbList\",\"@id\":\"https:\\\/\\\/aromasanctuary.com\\\/kontakt\\\/#breadcrumblist\",\"itemListElement\":[{\"@type\":\"ListItem\",\"@id\":\"https:\\\/\\\/aromasanctuary.com#listItem\",\"position\":1,\"name\":\"Home\",\"item\":\"https:\\\/\\\/aromasanctuary.com\",\"nextItem\":{\"@type\":\"ListItem\",\"@id\":\"https:\\\/\\\/aromasanctuary.com\\\/kontakt\\\/#listItem\",\"name\":\"Kontakt\"}},{\"@type\":\"ListItem\",\"@id\":\"https:\\\/\\\/aromasanctuary.com\\\/kontakt\\\/#listItem\",\"position\":2,\"name\":\"Kontakt\",\"previousItem\":{\"@type\":\"ListItem\",\"@id\":\"https:\\\/\\\/aromasanctuary.com#listItem\",\"name\":\"Home\"}}]},{\"@type\":\"Organization\",\"@id\":\"https:\\\/\\\/aromasanctuary.com\\\/#organization\",\"name\":\"Aroma Sanctuary\",\"description\":\"Specjalizujemy si\\u0119 w olejkach eterycznych i zabiegach kosmetycznych, tworz\\u0105c dla naszych klient\\u00f3w prawdziw\\u0105 oaz\\u0119 relaksu i pi\\u0119kna.\",\"url\":\"https:\\\/\\\/aromasanctuary.com\\\/\",\"logo\":{\"@type\":\"ImageObject\",\"url\":\"https:\\\/\\\/aromasanctuary.com\\\/wp-content\\\/uploads\\\/2025\\\/04\\\/cropped-LogoAromaSanctuary1-3.png\",\"@id\":\"https:\\\/\\\/aromasanctuary.com\\\/kontakt\\\/#organizationLogo\",\"width\":240,\"height\":238},\"image\":{\"@id\":\"https:\\\/\\\/aromasanctuary.com\\\/kontakt\\\/#organizationLogo\"},\"sameAs\":[\"https:\\\/\\\/www.facebook.com\\\/profile.php?id=100056120215360\"]},{\"@type\":\"WebPage\",\"@id\":\"https:\\\/\\\/aromasanctuary.com\\\/kontakt\\\/#webpage\",\"url\":\"https:\\\/\\\/aromasanctuary.com\\\/kontakt\\\/\",\"name\":\"Kontakt - Aroma Sanctuary\",\"inLanguage\":\"pl-PL\",\"isPartOf\":{\"@id\":\"https:\\\/\\\/aromasanctuary.com\\\/#website\"},\"breadcrumb\":{\"@id\":\"https:\\\/\\\/aromasanctuary.com\\\/kontakt\\\/#breadcrumblist\"},\"datePublished\":\"2025-04-13T18:11:06+00:00\",\"dateModified\":\"2025-04-22T12:46:24+00:00\"},{\"@type\":\"WebSite\",\"@id\":\"https:\\\/\\\/aromasanctuary.com\\\/#website\",\"url\":\"https:\\\/\\\/aromasanctuary.com\\\/\",\"name\":\"Aroma Sanctuary\",\"description\":\"Specjalizujemy si\\u0119 w olejkach eterycznych i zabiegach kosmetycznych, tworz\\u0105c dla naszych klient\\u00f3w prawdziw\\u0105 oaz\\u0119 relaksu i pi\\u0119kna.\",\"inLanguage\":\"pl-PL\",\"publisher\":{\"@id\":\"https:\\\/\\\/aromasanctuary.com\\\/#organization\"}}]}\n\t\t<\/script>\n\t\t<!-- All in One SEO Pro -->\r\n\t\t<title>Kontakt - Aroma Sanctuary<\/title>\n\n","aioseo_head_json":{"title":"Kontakt - Aroma Sanctuary","description":"","canonical_url":"https:\/\/aromasanctuary.com\/kontakt\/","robots":"max-image-preview:large","keywords":"","webmasterTools":{"miscellaneous":""},"schema":{"@context":"https:\/\/schema.org","@graph":[{"@type":"BreadcrumbList","@id":"https:\/\/aromasanctuary.com\/kontakt\/#breadcrumblist","itemListElement":[{"@type":"ListItem","@id":"https:\/\/aromasanctuary.com#listItem","position":1,"name":"Home","item":"https:\/\/aromasanctuary.com","nextItem":{"@type":"ListItem","@id":"https:\/\/aromasanctuary.com\/kontakt\/#listItem","name":"Kontakt"}},{"@type":"ListItem","@id":"https:\/\/aromasanctuary.com\/kontakt\/#listItem","position":2,"name":"Kontakt","previousItem":{"@type":"ListItem","@id":"https:\/\/aromasanctuary.com#listItem","name":"Home"}}]},{"@type":"Organization","@id":"https:\/\/aromasanctuary.com\/#organization","name":"Aroma Sanctuary","description":"Specjalizujemy si\u0119 w olejkach eterycznych i zabiegach kosmetycznych, tworz\u0105c dla naszych klient\u00f3w prawdziw\u0105 oaz\u0119 relaksu i pi\u0119kna.","url":"https:\/\/aromasanctuary.com\/","logo":{"@type":"ImageObject","url":"https:\/\/aromasanctuary.com\/wp-content\/uploads\/2025\/04\/cropped-LogoAromaSanctuary1-3.png","@id":"https:\/\/aromasanctuary.com\/kontakt\/#organizationLogo","width":240,"height":238},"image":{"@id":"https:\/\/aromasanctuary.com\/kontakt\/#organizationLogo"},"sameAs":["https:\/\/www.facebook.com\/profile.php?id=100056120215360"]},{"@type":"WebPage","@id":"https:\/\/aromasanctuary.com\/kontakt\/#webpage","url":"https:\/\/aromasanctuary.com\/kontakt\/","name":"Kontakt - Aroma Sanctuary","inLanguage":"pl-PL","isPartOf":{"@id":"https:\/\/aromasanctuary.com\/#website"},"breadcrumb":{"@id":"https:\/\/aromasanctuary.com\/kontakt\/#breadcrumblist"},"datePublished":"2025-04-13T18:11:06+00:00","dateModified":"2025-04-22T12:46:24+00:00"},{"@type":"WebSite","@id":"https:\/\/aromasanctuary.com\/#website","url":"https:\/\/aromasanctuary.com\/","name":"Aroma Sanctuary","description":"Specjalizujemy si\u0119 w olejkach eterycznych i zabiegach kosmetycznych, tworz\u0105c dla naszych klient\u00f3w prawdziw\u0105 oaz\u0119 relaksu i pi\u0119kna.","inLanguage":"pl-PL","publisher":{"@id":"https:\/\/aromasanctuary.com\/#organization"}}]},"og:locale":"pl_PL","og:site_name":"Aroma Sanctuary - Specjalizujemy si\u0119 w olejkach eterycznych i zabiegach kosmetycznych, tworz\u0105c dla naszych klient\u00f3w prawdziw\u0105 oaz\u0119 relaksu i pi\u0119kna.","og:type":"article","og:title":"Kontakt - Aroma Sanctuary","og:url":"https:\/\/aromasanctuary.com\/kontakt\/","og:image":"https:\/\/aromasanctuary.com\/wp-content\/uploads\/2025\/04\/cropped-LogoAromaSanctuary1-3.png","og:image:secure_url":"https:\/\/aromasanctuary.com\/wp-content\/uploads\/2025\/04\/cropped-LogoAromaSanctuary1-3.png","og:image:width":240,"og:image:height":238,"article:published_time":"2025-04-13T18:11:06+00:00","article:modified_time":"2025-04-22T12:46:24+00:00","article:publisher":"https:\/\/www.facebook.com\/profile.php?id=100056120215360","twitter:card":"summary_large_image","twitter:title":"Kontakt - Aroma Sanctuary","twitter:image":"https:\/\/aromasanctuary.com\/wp-content\/uploads\/2025\/04\/cropped-LogoAromaSanctuary1-3.png"},"aioseo_meta_data":{"post_id":"953","title":null,"description":null,"keywords":null,"keyphrases":null,"primary_term":null,"canonical_url":null,"og_title":null,"og_description":null,"og_object_type":"default","og_image_type":"default","og_image_url":null,"og_image_width":null,"og_image_height":null,"og_image_custom_url":null,"og_image_custom_fields":null,"og_video":null,"og_custom_url":null,"og_article_section":null,"og_article_tags":null,"twitter_use_og":false,"twitter_card":"default","twitter_image_type":"default","twitter_image_url":null,"twitter_image_custom_url":null,"twitter_image_custom_fields":null,"twitter_title":null,"twitter_description":null,"schema":{"blockGraphs":[],"customGraphs":[],"default":{"data":{"Article":[],"Course":[],"Dataset":[],"FAQPage":[],"Movie":[],"Person":[],"Product":[],"ProductReview":[],"Car":[],"Recipe":[],"Service":[],"SoftwareApplication":[],"WebPage":[]},"graphName":"","isEnabled":true},"graphs":[]},"schema_type":"default","schema_type_options":null,"pillar_content":false,"robots_default":true,"robots_noindex":false,"robots_noarchive":false,"robots_nosnippet":false,"robots_nofollow":false,"robots_noimageindex":false,"robots_noodp":false,"robots_notranslate":false,"robots_max_snippet":null,"robots_max_videopreview":null,"robots_max_imagepreview":"large","priority":null,"frequency":null,"local_seo":null,"seo_analyzer_scan_date":"2026-02-15 15:57:22","breadcrumb_settings":null,"limit_modified_date":false,"reviewed_by":null,"open_ai":null,"ai":null,"created":"2025-10-12 09:35:04","updated":"2026-02-15 15:57:22"},"aioseo_breadcrumb":"<div class=\"aioseo-breadcrumbs\"><span class=\"aioseo-breadcrumb\">\n\t<a href=\"https:\/\/aromasanctuary.com\" title=\"Home\">Home<\/a>\n<\/span><span class=\"aioseo-breadcrumb-separator\">&raquo;<\/span><span class=\"aioseo-breadcrumb\">\n\tKontakt\n<\/span><\/div>","aioseo_breadcrumb_json":[{"label":"Home","link":"https:\/\/aromasanctuary.com"},{"label":"Kontakt","link":"https:\/\/aromasanctuary.com\/kontakt\/"}],"_links":{"self":[{"href":"https:\/\/aromasanctuary.com\/wp-json\/wp\/v2\/pages\/953","targetHints":{"allow":["GET"]}}],"collection":[{"href":"https:\/\/aromasanctuary.com\/wp-json\/wp\/v2\/pages"}],"about":[{"href":"https:\/\/aromasanctuary.com\/wp-json\/wp\/v2\/types\/page"}],"author":[{"embeddable":true,"href":"https:\/\/aromasanctuary.com\/wp-json\/wp\/v2\/users\/1"}],"replies":[{"embeddable":true,"href":"https:\/\/aromasanctuary.com\/wp-json\/wp\/v2\/comments?post=953"}],"version-history":[{"count":1,"href":"https:\/\/aromasanctuary.com\/wp-json\/wp\/v2\/pages\/953\/revisions"}],"predecessor-version":[{"id":1037,"href":"https:\/\/aromasanctuary.com\/wp-json\/wp\/v2\/pages\/953\/revisions\/1037"}],"wp:attachment":[{"href":"https:\/\/aromasanctuary.com\/wp-json\/wp\/v2\/media?parent=953"}],"curies":[{"name":"wp","href":"https:\/\/api.w.org\/{rel}","templated":true}]}}